{"id":175,"date":"2021-02-07T17:10:12","date_gmt":"2021-02-07T16:10:12","guid":{"rendered":"http:\/\/ma-musicotherapie.fr\/?page_id=175"},"modified":"2021-02-07T17:10:12","modified_gmt":"2021-02-07T16:10:12","slug":"cote-pratique","status":"publish","type":"page","link":"https:\/\/ma-musicotherapie.fr\/index.php\/cote-pratique\/","title":{"rendered":"C\u00f4t\u00e9 pratique"},"content":{"rendered":"\n<p>D\u00e9roulement des s\u00e9ances, tarifs, demandes sp\u00e9cifiques<\/p>\n","protected":false},"excerpt":{"rendered":"<p>D\u00e9roulement des s\u00e9ances, tarifs, demandes sp\u00e9cifiques<\/p>\n","protected":false},"author":1,"featured_media":0,"parent":0,"menu_order":0,"comment_status":"closed","ping_status":"closed","template":"","meta":[],"_links":{"self":[{"href":"https:\/\/ma-musicotherapie.fr\/index.php\/wp-json\/wp\/v2\/pages\/175"}],"collection":[{"href":"https:\/\/ma-musicotherapie.fr\/index.php\/wp-json\/wp\/v2\/pages"}],"about":[{"href":"https:\/\/ma-musicotherapie.fr\/index.php\/wp-json\/wp\/v2\/types\/page"}],"author":[{"embeddable":true,"href":"https:\/\/ma-musicotherapie.fr\/index.php\/wp-json\/wp\/v2\/users\/1"}],"replies":[{"embeddable":true,"href":"https:\/\/ma-musicotherapie.fr\/index.php\/wp-json\/wp\/v2\/comments?post=175"}],"version-history":[{"count":1,"href":"https:\/\/ma-musicotherapie.fr\/index.php\/wp-json\/wp\/v2\/pages\/175\/revisions"}],"predecessor-version":[{"id":176,"href":"https:\/\/ma-musicotherapie.fr\/index.php\/wp-json\/wp\/v2\/pages\/175\/revisions\/176"}],"wp:attachment":[{"href":"https:\/\/ma-musicotherapie.fr\/index.php\/wp-json\/wp\/v2\/media?parent=175"}],"curies":[{"name":"wp","href":"https:\/\/api.w.org\/{rel}","templated":true}]}}